{"id":842,"date":"2025-03-12T09:46:05","date_gmt":"2025-03-12T15:46:05","guid":{"rendered":"https:\/\/centrico.mx\/?page_id=842"},"modified":"2026-02-17T12:24:46","modified_gmt":"2026-02-17T18:24:46","slug":"que-hacemos","status":"publish","type":"page","link":"http:\/\/centrico.mx\/","title":{"rendered":"Ya ganamos el discurso. Ahora cambiemos las ciudades."},"content":{"rendered":"\n<h2 class=\"wp-block-heading\"><strong>Soluciones que proveemos<\/strong><\/h2>\n\n\n\n<p>En C\u00e9ntrico nos especializamos en hacer que las cosas pasenoluciones que proveemos. Combinamos rigor t\u00e9cnico con incidencia efectiva para transformar el acceso a la movilidad. Consulta nuestro CV en <a href=\"http:\/\/cv.centrico.mx\" data-type=\"link\" data-id=\"cv.centrico.mx\">cv.centrico.mx<\/a>:<\/p>\n\n\n\n<ul class=\"wp-block-list\">\n<li><strong>Dise\u00f1o vial y supervisi\u00f3n de obra<\/strong>. Calles completas, infraestructura peatonal y ciclista, redise\u00f1o de intersecciones. Aplicamos normas nacionales, est\u00e1ndares internacionales y criterios estrictos de seguridad y accesibilidad: <a href=\"https:\/\/centrico.mx\/?cat=3\">DISE\u00d1O<\/a>. Abre nuestro <a href=\"http:\/\/centrico.mx\/wp-content\/uploads\/2025\/03\/Centrico-Experiencia-proyecto-y-obra-11032025-1-1.pdf\">portafolio<\/a>.<\/li>\n\n\n\n<li><strong>Planeaci\u00f3n de movilidad<\/strong>. PIMUS, estudios de demanda e impacto, an\u00e1lisis costo-beneficio. Siempre con participaci\u00f3n comunitaria efectiva: <a href=\"https:\/\/centrico.mx\/?cat=5\">PLANES<\/a><\/li>\n\n\n\n<li><strong>Estudios e informes<\/strong>. Diagn\u00f3sticos estrat\u00e9gicos de infraestructura y movilidad con metodolog\u00edas rigurosas: <a href=\"https:\/\/centrico.mx\/?cat=4\">REPORTES<\/a><\/li>\n\n\n\n<li><strong>Manuales y Gu\u00edas<\/strong>. Documentos t\u00e9cnicos basados en mejores pr\u00e1cticas internacionales para profesionales y gestores p\u00fablicos: <a href=\"https:\/\/centrico.mx\/?cat=2\">MANUALES<\/a><\/li>\n\n\n\n<li><strong>Regulaci\u00f3n e incidencia legislativa<\/strong>. An\u00e1lisis, propuesta e impulso de marcos normativos que garanticen el derecho a la movilidad: <a href=\"https:\/\/centrico.mx\/?cat=23\">REGULACI\u00d3N<\/a><\/li>\n<\/ul>\n\n\n\n<figure class=\"wp-block-gallery has-nested-images columns-5 is-cropped wp-block-gallery-1 is-layout-flex wp-block-gallery-is-layout-flex\">\n<figure class=\"wp-block-image size-medium\"><img loading=\"lazy\" decoding=\"async\" width=\"300\" height=\"149\" data-id=\"823\" src=\"https:\/\/centrico.mx\/wp-content\/uploads\/2016\/12\/mazatlan4-300x149.jpg\" alt=\"\" class=\"wp-image-823\" srcset=\"http:\/\/centrico.mx\/wp-content\/uploads\/2016\/12\/mazatlan4-300x149.jpg 300w, http:\/\/centrico.mx\/wp-content\/uploads\/2016\/12\/mazatlan4-768x380.jpg 768w, http:\/\/centrico.mx\/wp-content\/uploads\/2016\/12\/mazatlan4-600x297.jpg 600w, http:\/\/centrico.mx\/wp-content\/uploads\/2016\/12\/mazatlan4.jpg 824w\" sizes=\"auto, (max-width: 300px) 100vw, 300px\" \/><\/figure>\n\n\n\n<figure class=\"wp-block-image size-medium\"><img loading=\"lazy\" decoding=\"async\" width=\"300\" height=\"225\" data-id=\"404\" src=\"https:\/\/centrico.mx\/wp-content\/uploads\/2020\/11\/Diapositiva1-300x225.jpg\" alt=\"\" class=\"wp-image-404\" srcset=\"http:\/\/centrico.mx\/wp-content\/uploads\/2020\/11\/Diapositiva1-300x225.jpg 300w, http:\/\/centrico.mx\/wp-content\/uploads\/2020\/11\/Diapositiva1-768x576.jpg 768w, http:\/\/centrico.mx\/wp-content\/uploads\/2020\/11\/Diapositiva1-600x450.jpg 600w, http:\/\/centrico.mx\/wp-content\/uploads\/2020\/11\/Diapositiva1.jpg 960w\" sizes=\"auto, (max-width: 300px) 100vw, 300px\" \/><\/figure>\n\n\n\n<figure class=\"wp-block-image size-medium\"><img loading=\"lazy\" decoding=\"async\" width=\"300\" height=\"198\" data-id=\"550\" src=\"https:\/\/centrico.mx\/wp-content\/uploads\/2021\/11\/derecho3-300x198.jpg\" alt=\"\" class=\"wp-image-550\" srcset=\"http:\/\/centrico.mx\/wp-content\/uploads\/2021\/11\/derecho3-300x198.jpg 300w, http:\/\/centrico.mx\/wp-content\/uploads\/2021\/11\/derecho3-768x507.jpg 768w, http:\/\/centrico.mx\/wp-content\/uploads\/2021\/11\/derecho3-600x396.jpg 600w, http:\/\/centrico.mx\/wp-content\/uploads\/2021\/11\/derecho3.jpg 913w\" sizes=\"auto, (max-width: 300px) 100vw, 300px\" \/><\/figure>\n\n\n\n<figure class=\"wp-block-image size-medium\"><img loading=\"lazy\" decoding=\"async\" width=\"300\" height=\"169\" data-id=\"267\" src=\"https:\/\/centrico.mx\/wp-content\/uploads\/2020\/08\/cropped-conoa-300x169.jpg\" alt=\"\" class=\"wp-image-267\" srcset=\"http:\/\/centrico.mx\/wp-content\/uploads\/2020\/08\/cropped-conoa-300x169.jpg 300w, http:\/\/centrico.mx\/wp-content\/uploads\/2020\/08\/cropped-conoa-1024x575.jpg 1024w, http:\/\/centrico.mx\/wp-content\/uploads\/2020\/08\/cropped-conoa-768x432.jpg 768w, http:\/\/centrico.mx\/wp-content\/uploads\/2020\/08\/cropped-conoa-1536x863.jpg 1536w, http:\/\/centrico.mx\/wp-content\/uploads\/2020\/08\/cropped-conoa-1160x653.jpg 1160w, http:\/\/centrico.mx\/wp-content\/uploads\/2020\/08\/cropped-conoa-600x337.jpg 600w, http:\/\/centrico.mx\/wp-content\/uploads\/2020\/08\/cropped-conoa.jpg 1920w\" sizes=\"auto, (max-width: 300px) 100vw, 300px\" \/><\/figure>\n\n\n\n<figure class=\"wp-block-image size-medium\"><img loading=\"lazy\" decoding=\"async\" width=\"300\" height=\"180\" data-id=\"809\" src=\"https:\/\/centrico.mx\/wp-content\/uploads\/2025\/03\/crucedespues-300x180.jpg\" alt=\"\" class=\"wp-image-809\" srcset=\"http:\/\/centrico.mx\/wp-content\/uploads\/2025\/03\/crucedespues-300x180.jpg 300w, http:\/\/centrico.mx\/wp-content\/uploads\/2025\/03\/crucedespues-600x361.jpg 600w, http:\/\/centrico.mx\/wp-content\/uploads\/2025\/03\/crucedespues.jpg 720w\" sizes=\"auto, (max-width: 300px) 100vw, 300px\" \/><\/figure>\n\n\n\n<figure class=\"wp-block-image size-medium\"><img loading=\"lazy\" decoding=\"async\" width=\"300\" height=\"224\" data-id=\"551\" src=\"https:\/\/centrico.mx\/wp-content\/uploads\/2021\/11\/derecho4-300x224.jpg\" alt=\"\" class=\"wp-image-551\" srcset=\"http:\/\/centrico.mx\/wp-content\/uploads\/2021\/11\/derecho4-300x224.jpg 300w, http:\/\/centrico.mx\/wp-content\/uploads\/2021\/11\/derecho4-768x574.jpg 768w, http:\/\/centrico.mx\/wp-content\/uploads\/2021\/11\/derecho4-600x449.jpg 600w, http:\/\/centrico.mx\/wp-content\/uploads\/2021\/11\/derecho4.jpg 885w\" sizes=\"auto, (max-width: 300px) 100vw, 300px\" \/><\/figure>\n\n\n\n<figure class=\"wp-block-image size-medium\"><img loading=\"lazy\" decoding=\"async\" width=\"300\" height=\"192\" data-id=\"387\" src=\"https:\/\/centrico.mx\/wp-content\/uploads\/2020\/10\/puntoapunto-300x192.png\" alt=\"\" class=\"wp-image-387\" srcset=\"http:\/\/centrico.mx\/wp-content\/uploads\/2020\/10\/puntoapunto-300x192.png 300w, http:\/\/centrico.mx\/wp-content\/uploads\/2020\/10\/puntoapunto-768x492.png 768w, http:\/\/centrico.mx\/wp-content\/uploads\/2020\/10\/puntoapunto-600x384.png 600w, http:\/\/centrico.mx\/wp-content\/uploads\/2020\/10\/puntoapunto.png 817w\" sizes=\"auto, (max-width: 300px) 100vw, 300px\" \/><\/figure>\n\n\n\n<figure class=\"wp-block-image size-medium\"><img loading=\"lazy\" decoding=\"async\" width=\"300\" height=\"171\" data-id=\"819\" src=\"https:\/\/centrico.mx\/wp-content\/uploads\/2016\/12\/mazatlan8-300x171.png\" alt=\"\" class=\"wp-image-819\" srcset=\"http:\/\/centrico.mx\/wp-content\/uploads\/2016\/12\/mazatlan8-300x171.png 300w, http:\/\/centrico.mx\/wp-content\/uploads\/2016\/12\/mazatlan8.png 762w, http:\/\/centrico.mx\/wp-content\/uploads\/2016\/12\/mazatlan8-600x342.png 600w\" sizes=\"auto, (max-width: 300px) 100vw, 300px\" \/><\/figure>\n\n\n\n<figure class=\"wp-block-image size-medium\"><img loading=\"lazy\" decoding=\"async\" width=\"300\" height=\"152\" data-id=\"671\" src=\"https:\/\/centrico.mx\/wp-content\/uploads\/2023\/03\/Captura-de-Pantalla-2023-03-28-a-las-11.37.15-300x152.png\" alt=\"\" class=\"wp-image-671\" srcset=\"http:\/\/centrico.mx\/wp-content\/uploads\/2023\/03\/Captura-de-Pantalla-2023-03-28-a-las-11.37.15-300x152.png 300w, http:\/\/centrico.mx\/wp-content\/uploads\/2023\/03\/Captura-de-Pantalla-2023-03-28-a-las-11.37.15-768x389.png 768w, http:\/\/centrico.mx\/wp-content\/uploads\/2023\/03\/Captura-de-Pantalla-2023-03-28-a-las-11.37.15-600x304.png 600w, http:\/\/centrico.mx\/wp-content\/uploads\/2023\/03\/Captura-de-Pantalla-2023-03-28-a-las-11.37.15.png 878w\" sizes=\"auto, (max-width: 300px) 100vw, 300px\" \/><\/figure>\n\n\n\n<figure class=\"wp-block-image size-medium\"><img loading=\"lazy\" decoding=\"async\" width=\"300\" height=\"130\" data-id=\"812\" src=\"https:\/\/centrico.mx\/wp-content\/uploads\/2025\/03\/glorietadespues-300x130.jpg\" alt=\"\" class=\"wp-image-812\" srcset=\"http:\/\/centrico.mx\/wp-content\/uploads\/2025\/03\/glorietadespues-300x130.jpg 300w, http:\/\/centrico.mx\/wp-content\/uploads\/2025\/03\/glorietadespues-600x261.jpg 600w, http:\/\/centrico.mx\/wp-content\/uploads\/2025\/03\/glorietadespues.jpg 720w\" sizes=\"auto, (max-width: 300px) 100vw, 300px\" \/><\/figure>\n\n\n\n<figure class=\"wp-block-image size-medium\"><img loading=\"lazy\" decoding=\"async\" width=\"300\" height=\"300\" data-id=\"603\" src=\"https:\/\/centrico.mx\/wp-content\/uploads\/2023\/03\/leymov-300x300.jpeg\" alt=\"\" class=\"wp-image-603\" srcset=\"http:\/\/centrico.mx\/wp-content\/uploads\/2023\/03\/leymov-300x300.jpeg 300w, http:\/\/centrico.mx\/wp-content\/uploads\/2023\/03\/leymov-1024x1024.jpeg 1024w, http:\/\/centrico.mx\/wp-content\/uploads\/2023\/03\/leymov-150x150.jpeg 150w, http:\/\/centrico.mx\/wp-content\/uploads\/2023\/03\/leymov-768x768.jpeg 768w, http:\/\/centrico.mx\/wp-content\/uploads\/2023\/03\/leymov-600x600.jpeg 600w, http:\/\/centrico.mx\/wp-content\/uploads\/2023\/03\/leymov.jpeg 1280w\" sizes=\"auto, (max-width: 300px) 100vw, 300px\" \/><\/figure>\n\n\n\n<figure class=\"wp-block-image size-medium\"><img loading=\"lazy\" decoding=\"async\" width=\"300\" height=\"210\" data-id=\"478\" src=\"https:\/\/centrico.mx\/wp-content\/uploads\/2020\/11\/Logo_c-slogan_CallesSeguras-300x210.jpg\" alt=\"\" class=\"wp-image-478\" srcset=\"http:\/\/centrico.mx\/wp-content\/uploads\/2020\/11\/Logo_c-slogan_CallesSeguras-300x210.jpg 300w, http:\/\/centrico.mx\/wp-content\/uploads\/2020\/11\/Logo_c-slogan_CallesSeguras-1024x718.jpg 1024w, http:\/\/centrico.mx\/wp-content\/uploads\/2020\/11\/Logo_c-slogan_CallesSeguras-768x539.jpg 768w, http:\/\/centrico.mx\/wp-content\/uploads\/2020\/11\/Logo_c-slogan_CallesSeguras-1536x1077.jpg 1536w, http:\/\/centrico.mx\/wp-content\/uploads\/2020\/11\/Logo_c-slogan_CallesSeguras-2048x1436.jpg 2048w, http:\/\/centrico.mx\/wp-content\/uploads\/2020\/11\/Logo_c-slogan_CallesSeguras-600x421.jpg 600w\" sizes=\"auto, (max-width: 300px) 100vw, 300px\" \/><\/figure>\n\n\n\n<figure class=\"wp-block-image size-medium\"><img loading=\"lazy\" decoding=\"async\" width=\"247\" height=\"300\" data-id=\"540\" src=\"https:\/\/centrico.mx\/wp-content\/uploads\/2021\/11\/panoramamovilidad-247x300.jpg\" alt=\"\" class=\"wp-image-540\" srcset=\"http:\/\/centrico.mx\/wp-content\/uploads\/2021\/11\/panoramamovilidad-247x300.jpg 247w, http:\/\/centrico.mx\/wp-content\/uploads\/2021\/11\/panoramamovilidad-600x729.jpg 600w, http:\/\/centrico.mx\/wp-content\/uploads\/2021\/11\/panoramamovilidad.jpg 607w\" sizes=\"auto, (max-width: 247px) 100vw, 247px\" \/><\/figure>\n\n\n\n<figure class=\"wp-block-image size-medium\"><img loading=\"lazy\" decoding=\"async\" width=\"240\" height=\"300\" data-id=\"703\" src=\"https:\/\/centrico.mx\/wp-content\/uploads\/2023\/09\/Captura-de-Pantalla-2023-09-25-a-las-15.33.46-240x300.png\" alt=\"\" class=\"wp-image-703\" srcset=\"http:\/\/centrico.mx\/wp-content\/uploads\/2023\/09\/Captura-de-Pantalla-2023-09-25-a-las-15.33.46-240x300.png 240w, http:\/\/centrico.mx\/wp-content\/uploads\/2023\/09\/Captura-de-Pantalla-2023-09-25-a-las-15.33.46.png 529w\" sizes=\"auto, (max-width: 240px) 100vw, 240px\" \/><\/figure>\n\n\n\n<figure class=\"wp-block-image size-medium\"><img loading=\"lazy\" decoding=\"async\" width=\"300\" height=\"203\" data-id=\"771\" src=\"https:\/\/centrico.mx\/wp-content\/uploads\/2024\/03\/Captura-de-Pantalla-2024-03-06-a-las-23.17.47-300x203.png\" alt=\"\" class=\"wp-image-771\" srcset=\"http:\/\/centrico.mx\/wp-content\/uploads\/2024\/03\/Captura-de-Pantalla-2024-03-06-a-las-23.17.47-300x203.png 300w, http:\/\/centrico.mx\/wp-content\/uploads\/2024\/03\/Captura-de-Pantalla-2024-03-06-a-las-23.17.47-768x520.png 768w, http:\/\/centrico.mx\/wp-content\/uploads\/2024\/03\/Captura-de-Pantalla-2024-03-06-a-las-23.17.47-600x406.png 600w, http:\/\/centrico.mx\/wp-content\/uploads\/2024\/03\/Captura-de-Pantalla-2024-03-06-a-las-23.17.47.png 814w\" sizes=\"auto, (max-width: 300px) 100vw, 300px\" \/><\/figure>\n\n\n\n<figure class=\"wp-block-image size-medium\"><img loading=\"lazy\" decoding=\"async\" width=\"300\" height=\"180\" data-id=\"744\" src=\"https:\/\/centrico.mx\/wp-content\/uploads\/2023\/12\/deautopistasabulevares-e1709579161857-300x180.png\" alt=\"\" class=\"wp-image-744\" srcset=\"http:\/\/centrico.mx\/wp-content\/uploads\/2023\/12\/deautopistasabulevares-e1709579161857-300x180.png 300w, http:\/\/centrico.mx\/wp-content\/uploads\/2023\/12\/deautopistasabulevares-e1709579161857-768x460.png 768w, http:\/\/centrico.mx\/wp-content\/uploads\/2023\/12\/deautopistasabulevares-e1709579161857-600x360.png 600w, http:\/\/centrico.mx\/wp-content\/uploads\/2023\/12\/deautopistasabulevares-e1709579161857.png 949w\" sizes=\"auto, (max-width: 300px) 100vw, 300px\" \/><\/figure>\n\n\n\n<figure class=\"wp-block-image size-medium\"><img loading=\"lazy\" decoding=\"async\" width=\"300\" height=\"191\" data-id=\"813\" src=\"https:\/\/centrico.mx\/wp-content\/uploads\/2025\/03\/morelia4-300x191.jpg\" alt=\"\" class=\"wp-image-813\" srcset=\"http:\/\/centrico.mx\/wp-content\/uploads\/2025\/03\/morelia4-300x191.jpg 300w, http:\/\/centrico.mx\/wp-content\/uploads\/2025\/03\/morelia4-600x382.jpg 600w, http:\/\/centrico.mx\/wp-content\/uploads\/2025\/03\/morelia4.jpg 720w\" sizes=\"auto, (max-width: 300px) 100vw, 300px\" \/><\/figure>\n\n\n\n<figure class=\"wp-block-image size-medium\"><img loading=\"lazy\" decoding=\"async\" width=\"287\" height=\"300\" data-id=\"530\" src=\"https:\/\/centrico.mx\/wp-content\/uploads\/2021\/11\/entornosescolaresguia-287x300.jpg\" alt=\"\" class=\"wp-image-530\" srcset=\"http:\/\/centrico.mx\/wp-content\/uploads\/2021\/11\/entornosescolaresguia-287x300.jpg 287w, http:\/\/centrico.mx\/wp-content\/uploads\/2021\/11\/entornosescolaresguia-980x1024.jpg 980w, http:\/\/centrico.mx\/wp-content\/uploads\/2021\/11\/entornosescolaresguia-768x803.jpg 768w, http:\/\/centrico.mx\/wp-content\/uploads\/2021\/11\/entornosescolaresguia-600x627.jpg 600w, http:\/\/centrico.mx\/wp-content\/uploads\/2021\/11\/entornosescolaresguia.jpg 1024w\" sizes=\"auto, (max-width: 287px) 100vw, 287px\" \/><\/figure>\n\n\n\n<figure class=\"wp-block-image size-medium\"><img loading=\"lazy\" decoding=\"async\" width=\"300\" height=\"129\" data-id=\"822\" src=\"https:\/\/centrico.mx\/wp-content\/uploads\/2016\/12\/mazatlan5-300x129.jpg\" alt=\"\" class=\"wp-image-822\" srcset=\"http:\/\/centrico.mx\/wp-content\/uploads\/2016\/12\/mazatlan5-300x129.jpg 300w, http:\/\/centrico.mx\/wp-content\/uploads\/2016\/12\/mazatlan5-768x330.jpg 768w, http:\/\/centrico.mx\/wp-content\/uploads\/2016\/12\/mazatlan5-600x258.jpg 600w, http:\/\/centrico.mx\/wp-content\/uploads\/2016\/12\/mazatlan5.jpg 833w\" sizes=\"auto, (max-width: 300px) 100vw, 300px\" \/><\/figure>\n\n\n\n<figure class=\"wp-block-image size-medium\"><img loading=\"lazy\" decoding=\"async\" width=\"300\" height=\"108\" data-id=\"687\" src=\"https:\/\/centrico.mx\/wp-content\/uploads\/2023\/08\/reddeabogadxs-300x108.png\" alt=\"\" class=\"wp-image-687\" srcset=\"http:\/\/centrico.mx\/wp-content\/uploads\/2023\/08\/reddeabogadxs-300x108.png 300w, http:\/\/centrico.mx\/wp-content\/uploads\/2023\/08\/reddeabogadxs-768x278.png 768w, http:\/\/centrico.mx\/wp-content\/uploads\/2023\/08\/reddeabogadxs-600x217.png 600w, http:\/\/centrico.mx\/wp-content\/uploads\/2023\/08\/reddeabogadxs.png 1001w\" sizes=\"auto, (max-width: 300px) 100vw, 300px\" \/><\/figure>\n<\/figure>\n\n\n\n<h2 class=\"wp-block-heading\">Cont\u00e1ctanos<\/h2>\n\n\n\n<p>Alejandra Leal alejandra.leal@centrico.mx<\/p>\n\n\n\n<h2 class=\"wp-block-heading\">Nuestros aliados<\/h2>\n\n\n\n<div class=\"wp-block-group is-content-justification-left is-nowrap is-layout-flex wp-container-core-group-is-layout-f56a869c wp-block-group-is-layout-flex\">\n<figure class=\"wp-block-image size-full is-resized\"><a href=\"https:\/\/www.in-syc.mx\/\" target=\"_blank\" rel=\" noreferrer noopener\"><img loading=\"lazy\" decoding=\"async\" width=\"661\" height=\"257\" src=\"https:\/\/centrico.mx\/wp-content\/uploads\/2025\/03\/Captura-de-Pantalla-2025-03-12-a-las-13.33.06.png\" alt=\"\" class=\"wp-image-853\" style=\"width:151px;height:auto\" srcset=\"http:\/\/centrico.mx\/wp-content\/uploads\/2025\/03\/Captura-de-Pantalla-2025-03-12-a-las-13.33.06.png 661w, http:\/\/centrico.mx\/wp-content\/uploads\/2025\/03\/Captura-de-Pantalla-2025-03-12-a-las-13.33.06-300x117.png 300w, http:\/\/centrico.mx\/wp-content\/uploads\/2025\/03\/Captura-de-Pantalla-2025-03-12-a-las-13.33.06-600x233.png 600w\" sizes=\"auto, (max-width: 661px) 100vw, 661px\" \/><\/a><\/figure>\n\n\n\n<figure class=\"wp-block-image size-full\"><a href=\"https:\/\/www.autotraffic.com.mx\" target=\"_blank\" rel=\" noreferrer noopener\"><img decoding=\"async\" src=\"https:\/\/centrico.mx\/wp-content\/uploads\/2025\/03\/logo-autotraffic.jpeg\" alt=\"\" class=\"wp-image-854\"\/><\/a><\/figure>\n\n\n\n<figure class=\"wp-block-image size-full is-resized\"><a href=\"https:\/\/web.facebook.com\/p\/VIVIAC-V%C3%ADctimas-de-Violencia-Vial-AC-100064413533439\/\" target=\"_blank\" rel=\" noreferrer noopener\"><img loading=\"lazy\" decoding=\"async\" width=\"480\" height=\"480\" src=\"https:\/\/centrico.mx\/wp-content\/uploads\/2025\/03\/viviac.jpg\" alt=\"\" class=\"wp-image-855\" style=\"width:111px;height:auto\" srcset=\"http:\/\/centrico.mx\/wp-content\/uploads\/2025\/03\/viviac.jpg 480w, http:\/\/centrico.mx\/wp-content\/uploads\/2025\/03\/viviac-300x300.jpg 300w, http:\/\/centrico.mx\/wp-content\/uploads\/2025\/03\/viviac-150x150.jpg 150w\" sizes=\"auto, (max-width: 480px) 100vw, 480px\" \/><\/a><\/figure>\n\n\n\n<figure class=\"wp-block-image size-large is-resized\"><a href=\"https:\/\/www.advocacyincubator.org\/\" target=\"_blank\" rel=\" noreferrer noopener\"><img loading=\"lazy\" decoding=\"async\" width=\"1024\" height=\"380\" src=\"https:\/\/centrico.mx\/wp-content\/uploads\/2025\/03\/logoghai-1024x380.png\" alt=\"\" class=\"wp-image-857\" style=\"width:236px;height:auto\" srcset=\"http:\/\/centrico.mx\/wp-content\/uploads\/2025\/03\/logoghai-1024x380.png 1024w, http:\/\/centrico.mx\/wp-content\/uploads\/2025\/03\/logoghai-300x111.png 300w, http:\/\/centrico.mx\/wp-content\/uploads\/2025\/03\/logoghai-768x285.png 768w, http:\/\/centrico.mx\/wp-content\/uploads\/2025\/03\/logoghai-600x223.png 600w, http:\/\/centrico.mx\/wp-content\/uploads\/2025\/03\/logoghai.png 1191w\" sizes=\"auto, (max-width: 1024px) 100vw, 1024px\" \/><\/a><\/figure>\n<\/div>\n","protected":false},"excerpt":{"rendered":"<p>Soluciones que proveemos En C\u00e9ntrico nos especializamos en hacer que las cosas pasenoluciones que proveemos. Combinamos rigor t\u00e9cnico con incidencia efectiva para transformar el acceso a la movilidad. Consulta nuestro CV en cv.centrico.mx: Cont\u00e1ctanos Alejandra Leal alejandra.leal@centrico.mx Nuestros aliados<\/p>\n","protected":false},"author":1,"featured_media":0,"parent":0,"menu_order":0,"comment_status":"closed","ping_status":"closed","template":"","meta":{"footnotes":""},"class_list":["post-842","page","type-page","status-publish","hentry"],"_links":{"self":[{"href":"http:\/\/centrico.mx\/index.php?rest_route=\/wp\/v2\/pages\/842","targetHints":{"allow":["GET"]}}],"collection":[{"href":"http:\/\/centrico.mx\/index.php?rest_route=\/wp\/v2\/pages"}],"about":[{"href":"http:\/\/centrico.mx\/index.php?rest_route=\/wp\/v2\/types\/page"}],"author":[{"embeddable":true,"href":"http:\/\/centrico.mx\/index.php?rest_route=\/wp\/v2\/users\/1"}],"replies":[{"embeddable":true,"href":"http:\/\/centrico.mx\/index.php?rest_route=%2Fwp%2Fv2%2Fcomments&post=842"}],"version-history":[{"count":10,"href":"http:\/\/centrico.mx\/index.php?rest_route=\/wp\/v2\/pages\/842\/revisions"}],"predecessor-version":[{"id":957,"href":"http:\/\/centrico.mx\/index.php?rest_route=\/wp\/v2\/pages\/842\/revisions\/957"}],"wp:attachment":[{"href":"http:\/\/centrico.mx\/index.php?rest_route=%2Fwp%2Fv2%2Fmedia&parent=842"}],"curies":[{"name":"wp","href":"https:\/\/api.w.org\/{rel}","templated":true}]}}